{"id":385,"date":"2020-07-14T10:53:44","date_gmt":"2020-07-14T08:53:44","guid":{"rendered":"https:\/\/el-mark.com\/?page_id=385"},"modified":"2025-09-11T08:46:17","modified_gmt":"2025-09-11T06:46:17","slug":"praca","status":"publish","type":"page","link":"https:\/\/el-mark.com\/en\/praca\/","title":{"rendered":"work"},"content":{"rendered":"<div data-elementor-type=\"wp-page\" data-elementor-id=\"385\" class=\"elementor elementor-385\" data-elementor-post-type=\"page\">\n\t\t\t\t\t\t<section class=\"elementor-section elementor-top-section elementor-element elementor-element-a3e0d91 elementor-section-boxed elementor-section-height-default elementor-section-height-default\" data-id=\"a3e0d91\" data-element_type=\"section\" data-settings=\"{&quot;jet_parallax_layout_list&quot;:[{&quot;jet_parallax_layout_image&quot;:{&quot;url&quot;:&quot;&quot;,&quot;id&quot;:&quot;&quot;,&quot;size&quot;:&quot;&quot;},&quot;_id&quot;:&quot;afd11bd&quot;,&quot;jet_parallax_layout_image_tablet&quot;:{&quot;url&quot;:&quot;&quot;,&quot;id&quot;:&quot;&quot;,&quot;size&quot;:&quot;&quot;},&quot;jet_parallax_layout_image_mobile&quot;:{&quot;url&quot;:&quot;&quot;,&quot;id&quot;:&quot;&quot;,&quot;size&quot;:&quot;&quot;},&quot;jet_parallax_layout_speed&quot;:{&quot;unit&quot;:&quot;%&quot;,&quot;size&quot;:50,&quot;sizes&quot;:[]},&quot;jet_parallax_layout_type&quot;:&quot;scroll&quot;,&quot;jet_parallax_layout_direction&quot;:&quot;1&quot;,&quot;jet_parallax_layout_fx_direction&quot;:null,&quot;jet_parallax_layout_z_index&quot;:&quot;&quot;,&quot;jet_parallax_layout_bg_x&quot;:50,&quot;jet_parallax_layout_bg_x_tablet&quot;:&quot;&quot;,&quot;jet_parallax_layout_bg_x_mobile&quot;:&quot;&quot;,&quot;jet_parallax_layout_bg_y&quot;:50,&quot;jet_parallax_layout_bg_y_tablet&quot;:&quot;&quot;,&quot;jet_parallax_layout_bg_y_mobile&quot;:&quot;&quot;,&quot;jet_parallax_layout_bg_size&quot;:&quot;auto&quot;,&quot;jet_parallax_layout_bg_size_tablet&quot;:&quot;&quot;,&quot;jet_parallax_layout_bg_size_mobile&quot;:&quot;&quot;,&quot;jet_parallax_layout_animation_prop&quot;:&quot;transform&quot;,&quot;jet_parallax_layout_on&quot;:[&quot;desktop&quot;,&quot;tablet&quot;]}],&quot;background_background&quot;:&quot;classic&quot;,&quot;background_motion_fx_motion_fx_scrolling&quot;:&quot;yes&quot;,&quot;background_motion_fx_translateY_effect&quot;:&quot;yes&quot;,&quot;background_motion_fx_translateY_speed&quot;:{&quot;unit&quot;:&quot;px&quot;,&quot;size&quot;:5.3,&quot;sizes&quot;:[]},&quot;background_motion_fx_translateY_affectedRange&quot;:{&quot;unit&quot;:&quot;%&quot;,&quot;size&quot;:&quot;&quot;,&quot;sizes&quot;:{&quot;start&quot;:0,&quot;end&quot;:40}},&quot;background_motion_fx_translateX_effect&quot;:&quot;yes&quot;,&quot;background_motion_fx_translateX_direction&quot;:&quot;negative&quot;,&quot;background_motion_fx_translateX_speed&quot;:{&quot;unit&quot;:&quot;px&quot;,&quot;size&quot;:10,&quot;sizes&quot;:[]},&quot;background_motion_fx_translateX_affectedRange&quot;:{&quot;unit&quot;:&quot;%&quot;,&quot;size&quot;:&quot;&quot;,&quot;sizes&quot;:{&quot;start&quot;:0,&quot;end&quot;:0}},&quot;background_motion_fx_devices&quot;:[&quot;mobile&quot;]}\">\n\t\t\t\t\t\t<div class=\"elementor-container elementor-column-gap-default\">\n\t\t\t\t\t<div class=\"elementor-column elementor-col-100 elementor-top-column elementor-element elementor-element-29fd4a4\" data-id=\"29fd4a4\" data-element_type=\"column\">\n\t\t\t<div class=\"elementor-widget-wrap elementor-element-populated\">\n\t\t\t\t\t\t<div class=\"elementor-element elementor-element-7785b7e elementor-widget elementor-widget-spacer\" data-id=\"7785b7e\" data-element_type=\"widget\" data-widget_type=\"spacer.default\">\n\t\t\t\t\t\t\t<div class=\"elementor-spacer\">\n\t\t\t<div class=\"elementor-spacer-inner\"><\/div>\n\t\t<\/div>\n\t\t\t\t\t\t<\/div>\n\t\t\t\t\t<\/div>\n\t\t<\/div>\n\t\t\t\t\t<\/div>\n\t\t<\/section>\n\t\t\t\t<section class=\"elementor-section elementor-top-section elementor-element elementor-element-baf6da4 elementor-section-boxed elementor-section-height-default elementor-section-height-default\" data-id=\"baf6da4\" data-element_type=\"section\" data-settings=\"{&quot;jet_parallax_layout_list&quot;:[{&quot;jet_parallax_layout_image&quot;:{&quot;url&quot;:&quot;&quot;,&quot;id&quot;:&quot;&quot;,&quot;size&quot;:&quot;&quot;},&quot;_id&quot;:&quot;1df205d&quot;,&quot;jet_parallax_layout_image_tablet&quot;:{&quot;url&quot;:&quot;&quot;,&quot;id&quot;:&quot;&quot;,&quot;size&quot;:&quot;&quot;},&quot;jet_parallax_layout_image_mobile&quot;:{&quot;url&quot;:&quot;&quot;,&quot;id&quot;:&quot;&quot;,&quot;size&quot;:&quot;&quot;},&quot;jet_parallax_layout_speed&quot;:{&quot;unit&quot;:&quot;%&quot;,&quot;size&quot;:50,&quot;sizes&quot;:[]},&quot;jet_parallax_layout_type&quot;:&quot;scroll&quot;,&quot;jet_parallax_layout_direction&quot;:&quot;1&quot;,&quot;jet_parallax_layout_fx_direction&quot;:null,&quot;jet_parallax_layout_z_index&quot;:&quot;&quot;,&quot;jet_parallax_layout_bg_x&quot;:50,&quot;jet_parallax_layout_bg_x_tablet&quot;:&quot;&quot;,&quot;jet_parallax_layout_bg_x_mobile&quot;:&quot;&quot;,&quot;jet_parallax_layout_bg_y&quot;:50,&quot;jet_parallax_layout_bg_y_tablet&quot;:&quot;&quot;,&quot;jet_parallax_layout_bg_y_mobile&quot;:&quot;&quot;,&quot;jet_parallax_layout_bg_size&quot;:&quot;auto&quot;,&quot;jet_parallax_layout_bg_size_tablet&quot;:&quot;&quot;,&quot;jet_parallax_layout_bg_size_mobile&quot;:&quot;&quot;,&quot;jet_parallax_layout_animation_prop&quot;:&quot;transform&quot;,&quot;jet_parallax_layout_on&quot;:[&quot;desktop&quot;,&quot;tablet&quot;]}]}\">\n\t\t\t\t\t\t<div class=\"elementor-container elementor-column-gap-default\">\n\t\t\t\t\t<div class=\"elementor-column elementor-col-100 elementor-top-column elementor-element elementor-element-62df258\" data-id=\"62df258\" data-element_type=\"column\">\n\t\t\t<div class=\"elementor-widget-wrap elementor-element-populated\">\n\t\t\t\t\t\t<div class=\"elementor-element elementor-element-a1c42be elementor-widget elementor-widget-heading\" data-id=\"a1c42be\" data-element_type=\"widget\" data-widget_type=\"heading.default\">\n\t\t\t\t\t<h2 class=\"elementor-heading-title elementor-size-default\">Join us!<\/h2>\t\t\t\t<\/div>\n\t\t\t\t<div class=\"elementor-element elementor-element-c59c3c2 elementor-widget elementor-widget-text-editor\" data-id=\"c59c3c2\" data-element_type=\"widget\" data-widget_type=\"text-editor.default\">\n\t\t\t\t\t\t\t\t\t<p>We employ engineers, electricians, machine operators, drivers, mechanics and manual workers.<\/p>\t\t\t\t\t\t\t\t<\/div>\n\t\t\t\t<div class=\"elementor-element elementor-element-2223b08 elementor-widget elementor-widget-heading\" data-id=\"2223b08\" data-element_type=\"widget\" data-widget_type=\"heading.default\">\n\t\t\t\t\t<h2 class=\"elementor-heading-title elementor-size-default\">Job offers<\/h2>\t\t\t\t<\/div>\n\t\t\t\t\t<\/div>\n\t\t<\/div>\n\t\t\t\t\t<\/div>\n\t\t<\/section>\n\t\t\t\t<section class=\"elementor-section elementor-top-section elementor-element elementor-element-b6153a1 elementor-section-boxed elementor-section-height-default elementor-section-height-default\" data-id=\"b6153a1\" data-element_type=\"section\" data-settings=\"{&quot;jet_parallax_layout_list&quot;:[{&quot;jet_parallax_layout_image&quot;:{&quot;url&quot;:&quot;&quot;,&quot;id&quot;:&quot;&quot;,&quot;size&quot;:&quot;&quot;},&quot;_id&quot;:&quot;90ec085&quot;,&quot;jet_parallax_layout_image_tablet&quot;:{&quot;url&quot;:&quot;&quot;,&quot;id&quot;:&quot;&quot;,&quot;size&quot;:&quot;&quot;},&quot;jet_parallax_layout_image_mobile&quot;:{&quot;url&quot;:&quot;&quot;,&quot;id&quot;:&quot;&quot;,&quot;size&quot;:&quot;&quot;},&quot;jet_parallax_layout_speed&quot;:{&quot;unit&quot;:&quot;%&quot;,&quot;size&quot;:50,&quot;sizes&quot;:[]},&quot;jet_parallax_layout_type&quot;:&quot;scroll&quot;,&quot;jet_parallax_layout_direction&quot;:&quot;1&quot;,&quot;jet_parallax_layout_fx_direction&quot;:null,&quot;jet_parallax_layout_z_index&quot;:&quot;&quot;,&quot;jet_parallax_layout_bg_x&quot;:50,&quot;jet_parallax_layout_bg_x_tablet&quot;:&quot;&quot;,&quot;jet_parallax_layout_bg_x_mobile&quot;:&quot;&quot;,&quot;jet_parallax_layout_bg_y&quot;:50,&quot;jet_parallax_layout_bg_y_tablet&quot;:&quot;&quot;,&quot;jet_parallax_layout_bg_y_mobile&quot;:&quot;&quot;,&quot;jet_parallax_layout_bg_size&quot;:&quot;auto&quot;,&quot;jet_parallax_layout_bg_size_tablet&quot;:&quot;&quot;,&quot;jet_parallax_layout_bg_size_mobile&quot;:&quot;&quot;,&quot;jet_parallax_layout_animation_prop&quot;:&quot;transform&quot;,&quot;jet_parallax_layout_on&quot;:[&quot;desktop&quot;,&quot;tablet&quot;]}]}\">\n\t\t\t\t\t\t<div class=\"elementor-container elementor-column-gap-default\">\n\t\t\t\t\t<div class=\"elementor-column elementor-col-100 elementor-top-column elementor-element elementor-element-2cfc761\" data-id=\"2cfc761\" data-element_type=\"column\">\n\t\t\t<div class=\"elementor-widget-wrap elementor-element-populated\">\n\t\t\t\t\t\t<section class=\"elementor-section elementor-inner-section elementor-element elementor-element-587b1c3 elementor-section-boxed elementor-section-height-default elementor-section-height-default\" data-id=\"587b1c3\" data-element_type=\"section\" data-settings=\"{&quot;jet_parallax_layout_list&quot;:[]}\">\n\t\t\t\t\t\t<div class=\"elementor-container elementor-column-gap-default\">\n\t\t\t\t\t<div class=\"elementor-column elementor-col-100 elementor-inner-column elementor-element elementor-element-5239ed9\" data-id=\"5239ed9\" data-element_type=\"column\">\n\t\t\t<div class=\"elementor-widget-wrap elementor-element-populated\">\n\t\t\t\t\t\t<div class=\"elementor-element elementor-element-41ae4ae elementor-view-default elementor-widget elementor-widget-icon\" data-id=\"41ae4ae\" data-element_type=\"widget\" data-widget_type=\"icon.default\">\n\t\t\t\t\t\t\t<div class=\"elementor-icon-wrapper\">\n\t\t\t<div class=\"elementor-icon\">\n\t\t\t<svg xmlns=\"http:\/\/www.w3.org\/2000\/svg\" xmlns:xlink=\"http:\/\/www.w3.org\/1999\/xlink\" id=\"Capa_1\" x=\"0px\" y=\"0px\" viewbox=\"0 0 324.278 324.278\" style=\"enable-background:new 0 0 324.278 324.278;\" xml:space=\"preserve\"><g>\t<path d=\"M93.218,112.357h13.218h101.587v15.08c0,23.475-19.098,42.572-42.572,42.572h-1.011c-19.779,0-36.805-13.412-41.403-32.615   c-0.965-4.028-5.014-6.51-9.041-5.547c-4.028,0.965-6.512,5.012-5.547,9.041c6.221,25.979,29.246,44.122,55.991,44.122h1.011   c31.746,0,57.572-25.827,57.572-57.572v-15.08h0.431h13.218c4.142,0,7.5-3.358,7.5-7.5s-3.358-7.5-7.5-7.5h-5.718V78.444   c0-24.865-13.946-46.531-34.424-57.598V7.5c0-4.142-3.358-7.5-7.5-7.5s-7.5,3.358-7.5,7.5v7.507   c-5.123-1.293-10.481-1.987-16-1.987h-1.17c-5.518,0-10.877,0.694-16,1.987V7.5c0-4.142-3.358-7.5-7.5-7.5s-7.5,3.358-7.5,7.5   v13.346c-20.479,11.066-34.424,32.732-34.424,57.598v18.913h-5.718c-4.142,0-7.5,3.358-7.5,7.5S89.076,112.357,93.218,112.357z    M113.936,78.444c0-16.121,7.614-30.489,19.424-39.726v2.938c0,4.142,3.358,7.5,7.5,7.5s7.5-3.358,7.5-7.5v-11.02   c5.031-1.688,10.407-2.617,16-2.617h1.17c5.592,0,10.969,0.929,16,2.617v11.02c0,4.142,3.358,7.5,7.5,7.5s7.5-3.358,7.5-7.5v-2.938   c11.811,9.237,19.424,23.604,19.424,39.726v18.913H113.936V78.444z\"><\/path>\t<path d=\"M239.338,197.603h-2.666H87.606H84.94c-32.003,0-58.04,26.037-58.04,58.04v61.136c0,4.142,3.358,7.5,7.5,7.5h53.206   h149.066h53.206c4.142,0,7.5-3.358,7.5-7.5v-61.136C297.378,223.64,271.341,197.603,239.338,197.603z M41.9,255.643   c0-23.732,19.308-43.04,43.04-43.04h2.666h20.64v54.901c0,4.142,3.358,7.5,7.5,7.5h92.787c4.142,0,7.5-3.358,7.5-7.5v-35.699   c0-4.142-3.358-7.5-7.5-7.5s-7.5,3.358-7.5,7.5v28.199h-77.787v-47.401h105.927v96.675H95.106v-61.472c0-4.142-3.358-7.5-7.5-7.5   s-7.5,3.358-7.5,7.5v61.472H41.9V255.643z M282.378,309.278h-38.206v-96.406c21.465,2.41,38.206,20.672,38.206,42.77V309.278z\"><\/path>\t<path d=\"M115.746,297.931h92.787c4.142,0,7.5-3.358,7.5-7.5s-3.358-7.5-7.5-7.5h-92.787c-4.142,0-7.5,3.358-7.5,7.5   S111.604,297.931,115.746,297.931z\"><\/path><\/g><g><\/g><g><\/g><g><\/g><g><\/g><g><\/g><g><\/g><g><\/g><g><\/g><g><\/g><g><\/g><g><\/g><g><\/g><g><\/g><g><\/g><g><\/g><\/svg>\t\t\t<\/div>\n\t\t<\/div>\n\t\t\t\t\t\t<\/div>\n\t\t\t\t<div class=\"elementor-element elementor-element-1735f73 elementor-widget elementor-widget-heading\" data-id=\"1735f73\" data-element_type=\"widget\" data-widget_type=\"heading.default\">\n\t\t\t\t\t<h3 class=\"elementor-heading-title elementor-size-default\">Kierownik rob\u00f3t elektrycznych<\/h3>\t\t\t\t<\/div>\n\t\t\t\t<div class=\"elementor-element elementor-element-af0500b elementor-widget elementor-widget-text-editor\" data-id=\"af0500b\" data-element_type=\"widget\" data-widget_type=\"text-editor.default\">\n\t\t\t\t\t\t\t\t\t<h4 style=\"font-weight: 400;\"><strong>Tw\u00f3j zakres obowi\u0105zk\u00f3w<\/strong><\/h4><ul><li style=\"font-weight: 400;\">Nadz\u00f3r nad powierzonym kontraktem na terenie ca\u0142ej Polski w zakresie:<\/li><li style=\"font-weight: 400;\">realizacja za\u0142o\u017conego bud\u017cetu, terminowo\u015bci i jako\u015bci prac<\/li><li style=\"font-weight: 400;\">utrzymywanie bie\u017c\u0105cego kontaktu z wyznaczonymi s\u0142u\u017cbami inwestora<\/li><li style=\"font-weight: 400;\">sporz\u0105dzanie dokument\u00f3w budowy<\/li><li style=\"font-weight: 400;\">kierowanie pracami na etapie przygotowania, realizacji, uruchamiania i odbioru inwestycji<\/li><li style=\"font-weight: 400;\">zam\u00f3wienia materia\u0142\u00f3w (poprzez wsp\u00f3\u0142prac\u0119 z odpowiednim dzia\u0142em firmy)<\/li><li style=\"font-weight: 400;\">koordynowanie prac podleg\u0142ych pracownik\u00f3w oraz podwykonawc\u00f3w<\/li><li style=\"font-weight: 400;\">kontrola nad rozruchami i pomiarami instalacji<\/li><li style=\"font-weight: 400;\">wykonywanie dokumentacji powykonawczej<\/li><li style=\"font-weight: 400;\">kontrola nad procedurami BHP i ISO w powierzonym zakresie<\/li><li style=\"font-weight: 400;\">wsp\u00f3\u0142praca z prze\u0142o\u017conymi na wszystkich etapach realizacji kontraktu<\/li><\/ul><h4 style=\"font-weight: 400;\"><strong>Our expectations<\/strong><\/h4><ul><li style=\"font-weight: 400;\">min 3 lata do\u015bwiadczenia w kierowaniu robotami<\/li><li style=\"font-weight: 400;\">wykszta\u0142cenie wy\u017csze elektryczne<\/li><li style=\"font-weight: 400;\">gotowo\u015b\u0107 do pracy w delegacji na terenie ca\u0142ej Polski (pn-pt)<\/li><li style=\"font-weight: 400;\">samodzielno\u015b\u0107, komunikatywno\u015b\u0107, otwarto\u015b\u0107, inicjatywa, dobra organizacja pracy<\/li><li style=\"font-weight: 400;\">Driving license. B<\/li><li style=\"font-weight: 400;\">posiadanie uprawnie\u0144 budowlanych do kierowania robotami budowlanymi bez ogranicze\u0144 w specjalno\u015bci instalacyjnej w zakresie sieci, instalacji i urz\u0105dze\u0144 elektrycznych<\/li><li style=\"font-weight: 400;\">mile widziana znajomo\u015b\u0107 j\u0119zyka angielskiego<\/li><\/ul><h4 style=\"font-weight: 400;\"><strong>This is what we offer<\/strong><\/h4><ul><li style=\"font-weight: 400;\">stabiln\u0105 prac\u0119 oraz mo\u017cliwo\u015b\u0107 rozwoju zawodowego<\/li><li style=\"font-weight: 400;\">atrakcyjne wynagrodzenie<\/li><li style=\"font-weight: 400;\">samoch\u00f3d s\u0142u\u017cbowy<\/li><li style=\"font-weight: 400;\">umow\u0119 o prac\u0119 lub zatrudnienie w oparciu o B2B<\/li><\/ul>\t\t\t\t\t\t\t\t<\/div>\n\t\t\t\t<div class=\"elementor-element elementor-element-a5b9a01 elementor-align-center elementor-widget elementor-widget-button\" data-id=\"a5b9a01\" data-element_type=\"widget\" data-widget_type=\"button.default\">\n\t\t\t\t\t\t\t\t\t\t<a class=\"elementor-button elementor-button-link elementor-size-lg\" href=\"#aplikuj\">\n\t\t\t\t\t\t<span class=\"elementor-button-content-wrapper\">\n\t\t\t\t\t\t\t\t\t<span class=\"elementor-button-text\">APLIKUJ<\/span>\n\t\t\t\t\t<\/span>\n\t\t\t\t\t<\/a>\n\t\t\t\t\t\t\t\t<\/div>\n\t\t\t\t\t<\/div>\n\t\t<\/div>\n\t\t\t\t\t<\/div>\n\t\t<\/section>\n\t\t\t\t\t<\/div>\n\t\t<\/div>\n\t\t\t\t\t<\/div>\n\t\t<\/section>\n\t\t\t\t<section class=\"elementor-section elementor-top-section elementor-element elementor-element-1e315b7 elementor-section-boxed elementor-section-height-default elementor-section-height-default\" data-id=\"1e315b7\" data-element_type=\"section\" id=\"aplikuj\" data-settings=\"{&quot;jet_parallax_layout_list&quot;:[{&quot;jet_parallax_layout_image&quot;:{&quot;url&quot;:&quot;&quot;,&quot;id&quot;:&quot;&quot;,&quot;size&quot;:&quot;&quot;},&quot;_id&quot;:&quot;0e7b181&quot;,&quot;jet_parallax_layout_image_tablet&quot;:{&quot;url&quot;:&quot;&quot;,&quot;id&quot;:&quot;&quot;,&quot;size&quot;:&quot;&quot;},&quot;jet_parallax_layout_image_mobile&quot;:{&quot;url&quot;:&quot;&quot;,&quot;id&quot;:&quot;&quot;,&quot;size&quot;:&quot;&quot;},&quot;jet_parallax_layout_speed&quot;:{&quot;unit&quot;:&quot;%&quot;,&quot;size&quot;:50,&quot;sizes&quot;:[]},&quot;jet_parallax_layout_type&quot;:&quot;scroll&quot;,&quot;jet_parallax_layout_direction&quot;:&quot;1&quot;,&quot;jet_parallax_layout_fx_direction&quot;:null,&quot;jet_parallax_layout_z_index&quot;:&quot;&quot;,&quot;jet_parallax_layout_bg_x&quot;:50,&quot;jet_parallax_layout_bg_x_tablet&quot;:&quot;&quot;,&quot;jet_parallax_layout_bg_x_mobile&quot;:&quot;&quot;,&quot;jet_parallax_layout_bg_y&quot;:50,&quot;jet_parallax_layout_bg_y_tablet&quot;:&quot;&quot;,&quot;jet_parallax_layout_bg_y_mobile&quot;:&quot;&quot;,&quot;jet_parallax_layout_bg_size&quot;:&quot;auto&quot;,&quot;jet_parallax_layout_bg_size_tablet&quot;:&quot;&quot;,&quot;jet_parallax_layout_bg_size_mobile&quot;:&quot;&quot;,&quot;jet_parallax_layout_animation_prop&quot;:&quot;transform&quot;,&quot;jet_parallax_layout_on&quot;:[&quot;desktop&quot;,&quot;tablet&quot;]}],&quot;background_background&quot;:&quot;classic&quot;}\">\n\t\t\t\t\t\t<div class=\"elementor-container elementor-column-gap-default\">\n\t\t\t\t\t<div class=\"elementor-column elementor-col-100 elementor-top-column elementor-element elementor-element-8289fd2\" data-id=\"8289fd2\" data-element_type=\"column\">\n\t\t\t<div class=\"elementor-widget-wrap elementor-element-populated\">\n\t\t\t\t\t\t<div class=\"elementor-element elementor-element-97c98b2 elementor-widget elementor-widget-heading\" data-id=\"97c98b2\" data-element_type=\"widget\" data-widget_type=\"heading.default\">\n\t\t\t\t\t<h2 class=\"elementor-heading-title elementor-size-default\">Aplikuj<\/h2>\t\t\t\t<\/div>\n\t\t\t\t<div class=\"elementor-element elementor-element-60a0cf5 elementor-widget elementor-widget-text-editor\" data-id=\"60a0cf5\" data-element_type=\"widget\" data-widget_type=\"text-editor.default\">\n\t\t\t\t\t\t\t\t\t<p>We invite you to submit your CV via the form below or directly to the following address: <a href=\"mailto:sekretariat@el-mark.com\">sekretariat@el-mark.com<\/a><br \/><br \/>Do not forget to add: I consent to the processing of my personal data for the purposes of the recruitment process in accordance with the Act of August 29, 1997 on Personal Data Protection, Journal Of 133, item. 883<\/p>\t\t\t\t\t\t\t\t<\/div>\n\t\t\t\t<div class=\"elementor-element elementor-element-770633f elementor-button-align-stretch elementor-widget elementor-widget-form\" data-id=\"770633f\" data-element_type=\"widget\" data-settings=\"{&quot;button_width&quot;:&quot;33&quot;,&quot;step_next_label&quot;:&quot;Nast\\u0119pny&quot;,&quot;step_previous_label&quot;:&quot;Poprzedni&quot;,&quot;step_type&quot;:&quot;number_text&quot;,&quot;step_icon_shape&quot;:&quot;circle&quot;}\" data-widget_type=\"form.default\">\n\t\t\t\t\t\t\t<form class=\"elementor-form\" method=\"post\" name=\"Nowy formularz\" aria-label=\"Nowy formularz\" action=\"\">\n\t\t\t<input type=\"hidden\" name=\"post_id\" value=\"385\"\/>\n\t\t\t<input type=\"hidden\" name=\"form_id\" value=\"770633f\"\/>\n\t\t\t<input type=\"hidden\" name=\"referer_title\" value=\"Praca | El-Mark\" \/>\n\n\t\t\t\t\t\t\t<input type=\"hidden\" name=\"queried_id\" value=\"385\"\/>\n\t\t\t\n\t\t\t<div class=\"elementor-form-fields-wrapper elementor-labels-\">\n\t\t\t\t\t\t\t\t<div class=\"elementor-field-type-text elementor-field-group elementor-column elementor-field-group-name elementor-col-33 elementor-field-required\">\n\t\t\t\t\t\t\t\t\t\t\t\t<label for=\"form-field-name\" class=\"elementor-field-label elementor-screen-only\">\n\t\t\t\t\t\t\t\tFirst name and last name\t\t\t\t\t\t\t<\/label>\n\t\t\t\t\t\t\t\t\t\t\t\t\t\t<input size=\"1\" type=\"text\" name=\"form_fields[name]\" id=\"form-field-name\" class=\"elementor-field elementor-size-sm  elementor-field-textual\" placeholder=\"First name and last name\" required=\"required\">\n\t\t\t\t\t\t\t\t\t\t\t<\/div>\n\t\t\t\t\t\t\t\t<div class=\"elementor-field-type-email elementor-field-group elementor-column elementor-field-group-email elementor-col-33 elementor-field-required\">\n\t\t\t\t\t\t\t\t\t\t\t\t<label for=\"form-field-email\" class=\"elementor-field-label elementor-screen-only\">\n\t\t\t\t\t\t\t\tE-mail adress\t\t\t\t\t\t\t<\/label>\n\t\t\t\t\t\t\t\t\t\t\t\t\t\t<input size=\"1\" type=\"email\" name=\"form_fields[email]\" id=\"form-field-email\" class=\"elementor-field elementor-size-sm  elementor-field-textual\" placeholder=\"E-mail adress\" required=\"required\">\n\t\t\t\t\t\t\t\t\t\t\t<\/div>\n\t\t\t\t\t\t\t\t<div class=\"elementor-field-type-tel elementor-field-group elementor-column elementor-field-group-field_4f77bf6 elementor-col-33 elementor-field-required\">\n\t\t\t\t\t\t\t\t\t\t\t\t<label for=\"form-field-field_4f77bf6\" class=\"elementor-field-label elementor-screen-only\">\n\t\t\t\t\t\t\t\tPhone number\t\t\t\t\t\t\t<\/label>\n\t\t\t\t\t\t\t\t<input size=\"1\" type=\"tel\" name=\"form_fields[field_4f77bf6]\" id=\"form-field-field_4f77bf6\" class=\"elementor-field elementor-size-sm  elementor-field-textual\" placeholder=\"Phone number\" required=\"required\" pattern=\"[0-9()#&amp;+*-=.]+\" title=\"Akceptowane s\u0105 jedynie cyfry i znaki telefoniczne (#,-,*).\">\n\n\t\t\t\t\t\t<\/div>\n\t\t\t\t\t\t\t\t<div class=\"elementor-field-type-textarea elementor-field-group elementor-column elementor-field-group-message elementor-col-100\">\n\t\t\t\t\t\t\t\t\t\t\t\t<label for=\"form-field-message\" class=\"elementor-field-label elementor-screen-only\">\n\t\t\t\t\t\t\t\tMessage\t\t\t\t\t\t\t<\/label>\n\t\t\t\t\t\t<textarea class=\"elementor-field-textual elementor-field  elementor-size-sm\" name=\"form_fields[message]\" id=\"form-field-message\" rows=\"4\" placeholder=\"Message\"><\/textarea>\t\t\t\t<\/div>\n\t\t\t\t\t\t\t\t<div class=\"elementor-field-type-upload elementor-field-group elementor-column elementor-field-group-field_91216d2 elementor-col-100 elementor-field-required\">\n\t\t\t\t\t\t\t\t\t\t\t\t<label for=\"form-field-field_91216d2\" class=\"elementor-field-label elementor-screen-only\">\n\t\t\t\t\t\t\t\tZa\u0142\u0105cz CV\t\t\t\t\t\t\t<\/label>\n\t\t\t\t\t\t\t\t<input type=\"file\" name=\"form_fields[field_91216d2][]\" id=\"form-field-field_91216d2\" class=\"elementor-field elementor-size-sm  elementor-upload-field\" required=\"required\" multiple=\"multiple\" data-maxsize=\"5\" data-maxsize-message=\"Rozmiar pliku przekracza dozwolony rozmiar.\">\n\n\t\t\t\t\t\t<\/div>\n\t\t\t\t\t\t\t\t<div class=\"elementor-field-type-recaptcha_v3 elementor-field-group elementor-column elementor-field-group-field_fe0192e elementor-col-100 recaptcha_v3-bottomright\">\n\t\t\t\t\t<div class=\"elementor-field\" id=\"form-field-field_fe0192e\"><div class=\"elementor-g-recaptcha\" data-sitekey=\"6Ld5nA8dAAAAAEyDcSwkZVz33KFv9DrXUq00cT7v\" data-type=\"v3\" data-action=\"Form\" data-badge=\"bottomright\" data-size=\"invisible\"><\/div><\/div>\t\t\t\t<\/div>\n\t\t\t\t\t\t\t\t<div class=\"elementor-field-group elementor-column elementor-field-type-submit elementor-col-33 e-form__buttons\">\n\t\t\t\t\t<button class=\"elementor-button elementor-size-sm\" type=\"submit\">\n\t\t\t\t\t\t<span class=\"elementor-button-content-wrapper\">\n\t\t\t\t\t\t\t\t\t\t\t\t\t\t\t\t\t\t\t\t\t\t<span class=\"elementor-button-text\">Aplikuj<\/span>\n\t\t\t\t\t\t\t\t\t\t\t\t\t<\/span>\n\t\t\t\t\t<\/button>\n\t\t\t\t<\/div>\n\t\t\t<\/div>\n\t\t<input type=\"hidden\" name=\"trp-form-language\" value=\"en\"\/><\/form>\n\t\t\t\t\t\t<\/div>\n\t\t\t\t\t<\/div>\n\t\t<\/div>\n\t\t\t\t\t<\/div>\n\t\t<\/section>\n\t\t\t\t<\/div>","protected":false},"excerpt":{"rendered":"<p>Do\u0142\u0105cz do nas! Zatrudniamy in\u017cynier\u00f3w, elektryk\u00f3w, operator\u00f3w maszyn, kierowc\u00f3w, mechanik\u00f3w, pracownik\u00f3w fizycznych. Oferty pracy Kierownik rob\u00f3t elektrycznych Tw\u00f3j zakres obowi\u0105zk\u00f3w Nadz\u00f3r nad powierzonym kontraktem na terenie ca\u0142ej Polski w zakresie: realizacja za\u0142o\u017conego bud\u017cetu, terminowo\u015bci i jako\u015bci prac utrzymywanie bie\u017c\u0105cego kontaktu z wyznaczonymi s\u0142u\u017cbami inwestora sporz\u0105dzanie dokument\u00f3w budowy kierowanie pracami na etapie przygotowania, realizacji, uruchamiania i [&hellip;]<\/p>","protected":false},"author":1,"featured_media":0,"parent":0,"menu_order":0,"comment_status":"closed","ping_status":"closed","template":"elementor_header_footer","meta":{"footnotes":""},"class_list":["post-385","page","type-page","status-publish","hentry","entry"],"aioseo_notices":[],"_links":{"self":[{"href":"https:\/\/el-mark.com\/en\/wp-json\/wp\/v2\/pages\/385","targetHints":{"allow":["GET"]}}],"collection":[{"href":"https:\/\/el-mark.com\/en\/wp-json\/wp\/v2\/pages"}],"about":[{"href":"https:\/\/el-mark.com\/en\/wp-json\/wp\/v2\/types\/page"}],"author":[{"embeddable":true,"href":"https:\/\/el-mark.com\/en\/wp-json\/wp\/v2\/users\/1"}],"replies":[{"embeddable":true,"href":"https:\/\/el-mark.com\/en\/wp-json\/wp\/v2\/comments?post=385"}],"version-history":[{"count":18,"href":"https:\/\/el-mark.com\/en\/wp-json\/wp\/v2\/pages\/385\/revisions"}],"predecessor-version":[{"id":3291,"href":"https:\/\/el-mark.com\/en\/wp-json\/wp\/v2\/pages\/385\/revisions\/3291"}],"wp:attachment":[{"href":"https:\/\/el-mark.com\/en\/wp-json\/wp\/v2\/media?parent=385"}],"curies":[{"name":"wp","href":"https:\/\/api.w.org\/{rel}","templated":true}]}}